{"id":258,"date":"2023-06-16T08:03:04","date_gmt":"2023-06-16T08:03:04","guid":{"rendered":"https:\/\/ms-personeel.nl\/?page_id=258"},"modified":"2023-06-16T08:03:28","modified_gmt":"2023-06-16T08:03:28","slug":"kontakt-nl","status":"publish","type":"page","link":"https:\/\/ms-personeel.nl\/index.php\/nl\/kontakt-nl\/","title":{"rendered":"Kontakt &#8211; NL"},"content":{"rendered":"\t\t<div data-elementor-type=\"wp-page\" data-elementor-id=\"258\" class=\"elementor elementor-258\">\n\t\t\t\t\t\t\t\t\t<section class=\"elementor-section elementor-top-section elementor-element elementor-element-51be7d3 elementor-section-boxed elementor-section-height-default elementor-section-height-default\" data-id=\"51be7d3\" data-element_type=\"section\" data-settings=\"{&quot;background_background&quot;:&quot;classic&quot;}\">\n\t\t\t\t\t\t<div class=\"elementor-container elementor-column-gap-default\">\n\t\t\t\t\t<div class=\"elementor-column elementor-col-100 elementor-top-column elementor-element elementor-element-9c3b0cf\" data-id=\"9c3b0cf\" data-element_type=\"column\" data-settings=\"{&quot;background_background&quot;:&quot;classic&quot;}\">\n\t\t\t<div class=\"elementor-widget-wrap elementor-element-populated\">\n\t\t\t\t\t\t\t\t<div class=\"elementor-element elementor-element-6210cde elementor-widget elementor-widget-heading\" data-id=\"6210cde\" data-element_type=\"widget\" data-widget_type=\"heading.default\">\n\t\t\t\t<div class=\"elementor-widget-container\">\n\t\t\t<style>\/*! elementor - v3.12.1 - 02-04-2023 *\/\n.elementor-heading-title{padding:0;margin:0;line-height:1}.elementor-widget-heading .elementor-heading-title[class*=elementor-size-]>a{color:inherit;font-size:inherit;line-height:inherit}.elementor-widget-heading .elementor-heading-title.elementor-size-small{font-size:15px}.elementor-widget-heading .elementor-heading-title.elementor-size-medium{font-size:19px}.elementor-widget-heading .elementor-heading-title.elementor-size-large{font-size:29px}.elementor-widget-heading .elementor-heading-title.elementor-size-xl{font-size:39px}.elementor-widget-heading .elementor-heading-title.elementor-size-xxl{font-size:59px}<\/style><h2 class=\"elementor-heading-title elementor-size-default\">Kontakt<\/h2>\t\t<\/div>\n\t\t\t\t<\/div>\n\t\t\t\t\t<\/div>\n\t\t<\/div>\n\t\t\t\t\t\t\t<\/div>\n\t\t<\/section>\n\t\t\t\t<section class=\"elementor-section elementor-top-section elementor-element elementor-element-e5b77af elementor-section-boxed elementor-section-height-default elementor-section-height-default\" data-id=\"e5b77af\" data-element_type=\"section\">\n\t\t\t\t\t\t<div class=\"elementor-container elementor-column-gap-default\">\n\t\t\t\t\t<div class=\"elementor-column elementor-col-33 elementor-top-column elementor-element elementor-element-58b5cf0\" data-id=\"58b5cf0\" data-element_type=\"column\">\n\t\t\t<div class=\"elementor-widget-wrap elementor-element-populated\">\n\t\t\t\t\t\t\t\t<div class=\"elementor-element elementor-element-8fb0ba9 elementor-widget elementor-widget-text-editor\" data-id=\"8fb0ba9\" data-element_type=\"widget\" data-widget_type=\"text-editor.default\">\n\t\t\t\t<div class=\"elementor-widget-container\">\n\t\t\t<style>\/*! elementor - v3.12.1 - 02-04-2023 *\/\n.elementor-widget-text-editor.elementor-drop-cap-view-stacked .elementor-drop-cap{background-color:#69727d;color:#fff}.elementor-widget-text-editor.elementor-drop-cap-view-framed .elementor-drop-cap{color:#69727d;border:3px solid;background-color:transparent}.elementor-widget-text-editor:not(.elementor-drop-cap-view-default) .elementor-drop-cap{margin-top:8px}.elementor-widget-text-editor:not(.elementor-drop-cap-view-default) .elementor-drop-cap-letter{width:1em;height:1em}.elementor-widget-text-editor .elementor-drop-cap{float:left;text-align:center;line-height:1;font-size:50px}.elementor-widget-text-editor .elementor-drop-cap-letter{display:inline-block}<\/style>\t\t\t\t<strong>Kontakt<\/strong><br>\t\t\t\t\t\t<\/div>\n\t\t\t\t<\/div>\n\t\t\t\t<div class=\"elementor-element elementor-element-0de0a9f elementor-widget elementor-widget-heading\" data-id=\"0de0a9f\" data-element_type=\"widget\" data-widget_type=\"heading.default\">\n\t\t\t\t<div class=\"elementor-widget-container\">\n\t\t\t<h2 class=\"elementor-heading-title elementor-size-default\">Zadzwo\u0144 lub napisz<\/h2>\t\t<\/div>\n\t\t\t\t<\/div>\n\t\t\t\t<div class=\"elementor-element elementor-element-ef57a28 elementor-widget elementor-widget-text-editor\" data-id=\"ef57a28\" data-element_type=\"widget\" data-widget_type=\"text-editor.default\">\n\t\t\t\t<div class=\"elementor-widget-container\">\n\t\t\t\t\t\t\t<p>Je\u015bli masz pytania, sugestie lub chcia\u0142by\u015b porozmawia\u0107 o potencjalnej wsp\u00f3\u0142pracy, jeste\u015bmy tutaj, aby Ci pom\u00f3c. Skontaktuj si\u0119 z nami za pomoc\u0105 poni\u017cszych danych kontaktowych lub wype\u0142nij formularz, a postaramy si\u0119 odpowiedzie\u0107 tak szybko, jak to mo\u017cliwe. Tw\u00f3j sukces jest dla nas wa\u017cny, dlatego z przyjemno\u015bci\u0105 udzielimy Ci wsparcia i rozwi\u0105za\u0144 dostosowanych do Twoich potrzeb. Cieszymy si\u0119, \u017ce zainteresowa\u0142e\u015b si\u0119 nasz\u0105 ofert\u0105, czekamy na wiadomo\u015b\u0107 od Ciebie!<\/p>\t\t\t\t\t\t<\/div>\n\t\t\t\t<\/div>\n\t\t\t\t<div class=\"elementor-element elementor-element-87b3549 elementor-position-left elementor-view-default elementor-mobile-position-top elementor-vertical-align-top elementor-widget elementor-widget-icon-box\" data-id=\"87b3549\" data-element_type=\"widget\" data-widget_type=\"icon-box.default\">\n\t\t\t\t<div class=\"elementor-widget-container\">\n\t\t\t<link rel=\"stylesheet\" href=\"https:\/\/ms-personeel.nl\/wp-content\/plugins\/elementor\/assets\/css\/widget-icon-box.min.css\">\t\t<div class=\"elementor-icon-box-wrapper\">\n\t\t\t\t\t\t<div class=\"elementor-icon-box-icon\">\n\t\t\t\t<span class=\"elementor-icon elementor-animation-\" >\n\t\t\t\t<i aria-hidden=\"true\" class=\"icon icon-map-marker1\"><\/i>\t\t\t\t<\/span>\n\t\t\t<\/div>\n\t\t\t\t\t\t<div class=\"elementor-icon-box-content\">\n\t\t\t\t<h3 class=\"elementor-icon-box-title\">\n\t\t\t\t\t<span  >\n\t\t\t\t\t\tMS-Personeel\t\t\t\t\t<\/span>\n\t\t\t\t<\/h3>\n\t\t\t\t\t\t\t\t\t<p class=\"elementor-icon-box-description\">\n\t\t\t\t\t\tSmederijstraat 2, <br>\n4814DB\u00a0Breda\t\t\t\t\t<\/p>\n\t\t\t\t\t\t\t<\/div>\n\t\t<\/div>\n\t\t\t\t<\/div>\n\t\t\t\t<\/div>\n\t\t\t\t<div class=\"elementor-element elementor-element-f6da6c8 elementor-position-left elementor-view-default elementor-mobile-position-top elementor-vertical-align-top elementor-widget elementor-widget-icon-box\" data-id=\"f6da6c8\" data-element_type=\"widget\" data-widget_type=\"icon-box.default\">\n\t\t\t\t<div class=\"elementor-widget-container\">\n\t\t\t\t\t<div class=\"elementor-icon-box-wrapper\">\n\t\t\t\t\t\t<div class=\"elementor-icon-box-icon\">\n\t\t\t\t<span class=\"elementor-icon elementor-animation-\" >\n\t\t\t\t<i aria-hidden=\"true\" class=\"icon icon-smartphone\"><\/i>\t\t\t\t<\/span>\n\t\t\t<\/div>\n\t\t\t\t\t\t<div class=\"elementor-icon-box-content\">\n\t\t\t\t<h3 class=\"elementor-icon-box-title\">\n\t\t\t\t\t<span  >\n\t\t\t\t\t\tTelefon\t\t\t\t\t<\/span>\n\t\t\t\t<\/h3>\n\t\t\t\t\t\t\t\t\t<p class=\"elementor-icon-box-description\">\n\t\t\t\t\t\t+31624942506\t\t\t\t\t<\/p>\n\t\t\t\t\t\t\t<\/div>\n\t\t<\/div>\n\t\t\t\t<\/div>\n\t\t\t\t<\/div>\n\t\t\t\t<div class=\"elementor-element elementor-element-63c6b36 elementor-position-left elementor-view-default elementor-mobile-position-top elementor-vertical-align-top elementor-widget elementor-widget-icon-box\" data-id=\"63c6b36\" data-element_type=\"widget\" data-widget_type=\"icon-box.default\">\n\t\t\t\t<div class=\"elementor-widget-container\">\n\t\t\t\t\t<div class=\"elementor-icon-box-wrapper\">\n\t\t\t\t\t\t<div class=\"elementor-icon-box-icon\">\n\t\t\t\t<span class=\"elementor-icon elementor-animation-\" >\n\t\t\t\t<i aria-hidden=\"true\" class=\"icon icon-envelope1\"><\/i>\t\t\t\t<\/span>\n\t\t\t<\/div>\n\t\t\t\t\t\t<div class=\"elementor-icon-box-content\">\n\t\t\t\t<h3 class=\"elementor-icon-box-title\">\n\t\t\t\t\t<span  >\n\t\t\t\t\t\tE-mail\t\t\t\t\t<\/span>\n\t\t\t\t<\/h3>\n\t\t\t\t\t\t\t\t\t<p class=\"elementor-icon-box-description\">\n\t\t\t\t\t\tinfo@ms-personeel.nl\t\t\t\t\t<\/p>\n\t\t\t\t\t\t\t<\/div>\n\t\t<\/div>\n\t\t\t\t<\/div>\n\t\t\t\t<\/div>\n\t\t\t\t\t<\/div>\n\t\t<\/div>\n\t\t\t\t<div class=\"elementor-column elementor-col-33 elementor-top-column elementor-element elementor-element-5dc155c elementor-hidden-mobile\" data-id=\"5dc155c\" data-element_type=\"column\" data-settings=\"{&quot;background_background&quot;:&quot;classic&quot;}\">\n\t\t\t<div class=\"elementor-widget-wrap elementor-element-populated\">\n\t\t\t\t\t\t\t\t<div class=\"elementor-element elementor-element-bbe6bf2 elementor-widget elementor-widget-image\" data-id=\"bbe6bf2\" data-element_type=\"widget\" data-widget_type=\"image.default\">\n\t\t\t\t<div class=\"elementor-widget-container\">\n\t\t\t<style>\/*! elementor - v3.12.1 - 02-04-2023 *\/\n.elementor-widget-image{text-align:center}.elementor-widget-image a{display:inline-block}.elementor-widget-image a img[src$=\".svg\"]{width:48px}.elementor-widget-image img{vertical-align:middle;display:inline-block}<\/style>\t\t\t\t\t\t\t\t\t\t\t\t<img decoding=\"async\" width=\"272\" height=\"536\" src=\"https:\/\/ms-personeel.nl\/wp-content\/uploads\/2023\/04\/kontakt-image.jpg\" class=\"attachment-full size-full wp-image-125\" alt=\"\" loading=\"lazy\" srcset=\"https:\/\/ms-personeel.nl\/wp-content\/uploads\/2023\/04\/kontakt-image.jpg 272w, https:\/\/ms-personeel.nl\/wp-content\/uploads\/2023\/04\/kontakt-image-152x300.jpg 152w\" sizes=\"(max-width: 272px) 100vw, 272px\" \/>\t\t\t\t\t\t\t\t\t\t\t\t\t\t\t<\/div>\n\t\t\t\t<\/div>\n\t\t\t\t\t<\/div>\n\t\t<\/div>\n\t\t\t\t<div class=\"elementor-column elementor-col-33 elementor-top-column elementor-element elementor-element-2895884 elementor-hidden-mobile\" data-id=\"2895884\" data-element_type=\"column\" data-settings=\"{&quot;background_background&quot;:&quot;classic&quot;}\">\n\t\t\t<div class=\"elementor-widget-wrap elementor-element-populated\">\n\t\t\t\t\t\t\t\t<div class=\"elementor-element elementor-element-1f7d10c elementor-widget elementor-widget-image\" data-id=\"1f7d10c\" data-element_type=\"widget\" data-widget_type=\"image.default\">\n\t\t\t\t<div class=\"elementor-widget-container\">\n\t\t\t\t\t\t\t\t\t\t\t\t\t\t\t<img decoding=\"async\" width=\"272\" height=\"536\" src=\"https:\/\/ms-personeel.nl\/wp-content\/uploads\/2023\/04\/kontakt-image2.jpg\" class=\"attachment-full size-full wp-image-126\" alt=\"\" loading=\"lazy\" srcset=\"https:\/\/ms-personeel.nl\/wp-content\/uploads\/2023\/04\/kontakt-image2.jpg 272w, https:\/\/ms-personeel.nl\/wp-content\/uploads\/2023\/04\/kontakt-image2-152x300.jpg 152w\" sizes=\"(max-width: 272px) 100vw, 272px\" \/>\t\t\t\t\t\t\t\t\t\t\t\t\t\t\t<\/div>\n\t\t\t\t<\/div>\n\t\t\t\t\t<\/div>\n\t\t<\/div>\n\t\t\t\t\t\t\t<\/div>\n\t\t<\/section>\n\t\t\t\t<section class=\"elementor-section elementor-top-section elementor-element elementor-element-9d8186f elementor-section-boxed elementor-section-height-default elementor-section-height-default\" data-id=\"9d8186f\" data-element_type=\"section\">\n\t\t\t\t\t\t<div class=\"elementor-container elementor-column-gap-default\">\n\t\t\t\t\t<div class=\"elementor-column elementor-col-50 elementor-top-column elementor-element elementor-element-90dd3a3 elementor-hidden-mobile\" data-id=\"90dd3a3\" data-element_type=\"column\">\n\t\t\t<div class=\"elementor-widget-wrap elementor-element-populated\">\n\t\t\t\t\t\t\t\t<div class=\"elementor-element elementor-element-12c369f elementor-widget elementor-widget-google_maps\" data-id=\"12c369f\" data-element_type=\"widget\" data-widget_type=\"google_maps.default\">\n\t\t\t\t<div class=\"elementor-widget-container\">\n\t\t\t<style>\/*! elementor - v3.12.1 - 02-04-2023 *\/\n.elementor-widget-google_maps .elementor-widget-container{overflow:hidden}.elementor-widget-google_maps .elementor-custom-embed{line-height:0}.elementor-widget-google_maps iframe{height:300px}<\/style>\t\t<div class=\"elementor-custom-embed\">\n\t\t\t<iframe loading=\"lazy\"\n\t\t\t\t\tsrc=\"https:\/\/maps.google.com\/maps?q=Smederijstraat%202%2C%204814DB%C2%A0Breda&#038;t=m&#038;z=11&#038;output=embed&#038;iwloc=near\"\n\t\t\t\t\ttitle=\"Smederijstraat 2, 4814DB\u00a0Breda\"\n\t\t\t\t\taria-label=\"Smederijstraat 2, 4814DB\u00a0Breda\"\n\t\t\t><\/iframe>\n\t\t<\/div>\n\t\t\t\t<\/div>\n\t\t\t\t<\/div>\n\t\t\t\t\t<\/div>\n\t\t<\/div>\n\t\t\t\t<div class=\"elementor-column elementor-col-50 elementor-top-column elementor-element elementor-element-a9781a8\" data-id=\"a9781a8\" data-element_type=\"column\">\n\t\t\t<div class=\"elementor-widget-wrap elementor-element-populated\">\n\t\t\t\t\t\t\t\t<div class=\"elementor-element elementor-element-97cb787 eael-contact-form-7-button-align-left eael-contact-form-7-button-custom elementor-widget elementor-widget-eael-contact-form-7\" data-id=\"97cb787\" data-element_type=\"widget\" data-widget_type=\"eael-contact-form-7.default\">\n\t\t\t\t<div class=\"elementor-widget-container\">\n\t\t\t<div class=\"eael-contact-form-7-wrapper\">\n                <div class=\"eael-contact-form eael-contact-form-7 eael-contact-form-97cb787 placeholder-show eael-contact-form-align-default\">\n<div class=\"wpcf7 no-js\" id=\"wpcf7-f5-o1\" lang=\"en\" dir=\"ltr\">\n<div class=\"screen-reader-response\"><p role=\"status\" aria-live=\"polite\" aria-atomic=\"true\"><\/p> <ul><\/ul><\/div>\n<form action=\"\/index.php\/wp-json\/wp\/v2\/pages\/258#wpcf7-f5-o1\" method=\"post\" class=\"wpcf7-form init\" aria-label=\"Contact form\" novalidate=\"novalidate\" data-status=\"init\">\n<div style=\"display: none;\">\n<input type=\"hidden\" name=\"_wpcf7\" value=\"5\" \/>\n<input type=\"hidden\" name=\"_wpcf7_version\" value=\"5.7.5.1\" \/>\n<input type=\"hidden\" name=\"_wpcf7_locale\" value=\"en\" \/>\n<input type=\"hidden\" name=\"_wpcf7_unit_tag\" value=\"wpcf7-f5-o1\" \/>\n<input type=\"hidden\" name=\"_wpcf7_container_post\" value=\"0\" \/>\n<input type=\"hidden\" name=\"_wpcf7_posted_data_hash\" value=\"\" \/>\n<\/div>\n<p><label> Imie i Nazwisko<br \/>\n<span class=\"wpcf7-form-control-wrap\" data-name=\"your-name\"><input size=\"40\" class=\"wpcf7-form-control wpcf7-text wpcf7-validates-as-required\" autocomplete=\"name\" aria-required=\"true\" aria-invalid=\"false\" value=\"\" type=\"text\" name=\"your-name\" \/><\/span> <\/label>\n<\/p>\n<p><label> Email<br \/>\n<span class=\"wpcf7-form-control-wrap\" data-name=\"your-email\"><input size=\"40\" class=\"wpcf7-form-control wpcf7-text wpcf7-email wpcf7-validates-as-required wpcf7-validates-as-email\" autocomplete=\"email\" aria-required=\"true\" aria-invalid=\"false\" value=\"\" type=\"email\" name=\"your-email\" \/><\/span> <\/label>\n<\/p>\n<p><label> Email<br \/>\n<span class=\"wpcf7-form-control-wrap\" data-name=\"telefon1\"><input size=\"40\" class=\"wpcf7-form-control wpcf7-text wpcf7-tel wpcf7-validates-as-tel\" aria-invalid=\"false\" value=\"\" type=\"tel\" name=\"telefon1\" \/><\/span><\/label>\n<\/p>\n<p><label> Tytu\u0142 zapytania<br \/>\n<span class=\"wpcf7-form-control-wrap\" data-name=\"your-subject\"><input size=\"40\" class=\"wpcf7-form-control wpcf7-text wpcf7-validates-as-required\" aria-required=\"true\" aria-invalid=\"false\" value=\"\" type=\"text\" name=\"your-subject\" \/><\/span> <\/label>\n<\/p>\n<p><label> Wiadomo\u015b\u0107 (optional)<br \/>\n<span class=\"wpcf7-form-control-wrap\" data-name=\"your-message\"><textarea cols=\"40\" rows=\"10\" class=\"wpcf7-form-control wpcf7-textarea\" aria-invalid=\"false\" name=\"your-message\"><\/textarea><\/span> <\/label>\n<\/p>\n<p><span class=\"wpcf7-form-control-wrap\" data-name=\"zgodanaprzetwazanie\"><span class=\"wpcf7-form-control wpcf7-checkbox wpcf7-validates-as-required\"><span class=\"wpcf7-list-item first last\"><label><input type=\"checkbox\" name=\"zgodanaprzetwazanie[]\" value=\"Wyra\u017cam zgod\u0119 na przetwarzanie moich danych w celu realizacji obs\u0142ugi zapytania formularza kontaktowego*\" \/><span class=\"wpcf7-list-item-label\">Wyra\u017cam zgod\u0119 na przetwarzanie moich danych w celu realizacji obs\u0142ugi zapytania formularza kontaktowego*<\/span><\/label><\/span><\/span><\/span><br \/>\n<span class=\"wpcf7-form-control-wrap\" data-name=\"zgodanamarketing\"><span class=\"wpcf7-form-control wpcf7-checkbox\"><span class=\"wpcf7-list-item first last\"><label><input type=\"checkbox\" name=\"zgodanamarketing[]\" value=\"Wyra\u017cam zgod\u0119 na przesy\u0142anie ofert marketingowych drog\u0105 mailow\u0105\" \/><span class=\"wpcf7-list-item-label\">Wyra\u017cam zgod\u0119 na przesy\u0142anie ofert marketingowych drog\u0105 mailow\u0105<\/span><\/label><\/span><\/span><\/span>\n<\/p>\n<p><input class=\"wpcf7-form-control has-spinner wpcf7-submit\" type=\"submit\" value=\"Wy\u015blij\" \/>\n<\/p><div class=\"wpcf7-response-output\" aria-hidden=\"true\"><\/div>\n<\/form>\n<\/div>\n<\/div>\n            <\/div>\t\t<\/div>\n\t\t\t\t<\/div>\n\t\t\t\t\t<\/div>\n\t\t<\/div>\n\t\t\t\t\t\t\t<\/div>\n\t\t<\/section>\n\t\t\t\t<section class=\"elementor-section elementor-top-section elementor-element elementor-element-caadb49 elementor-section-boxed elementor-section-height-default elementor-section-height-default\" data-id=\"caadb49\" data-element_type=\"section\" data-settings=\"{&quot;background_background&quot;:&quot;classic&quot;}\">\n\t\t\t\t\t\t\t<div class=\"elementor-background-overlay\"><\/div>\n\t\t\t\t\t\t\t<div class=\"elementor-container elementor-column-gap-default\">\n\t\t\t\t\t<div class=\"elementor-column elementor-col-50 elementor-top-column elementor-element elementor-element-61ea0a2\" data-id=\"61ea0a2\" data-element_type=\"column\">\n\t\t\t<div class=\"elementor-widget-wrap elementor-element-populated\">\n\t\t\t\t\t\t\t\t<div class=\"elementor-element elementor-element-baba52c elementor-widget elementor-widget-heading\" data-id=\"baba52c\" data-element_type=\"widget\" data-widget_type=\"heading.default\">\n\t\t\t\t<div class=\"elementor-widget-container\">\n\t\t\t<h2 class=\"elementor-heading-title elementor-size-default\">Agencja pracy MS-Personeel<\/h2>\t\t<\/div>\n\t\t\t\t<\/div>\n\t\t\t\t<div class=\"elementor-element elementor-element-0a1d050 elementor-widget elementor-widget-text-editor\" data-id=\"0a1d050\" data-element_type=\"widget\" data-widget_type=\"text-editor.default\">\n\t\t\t\t<div class=\"elementor-widget-container\">\n\t\t\t\t\t\t\t<p>Wiedza, do\u015bwiadczenie i pasja\u00a0<\/p><p>Gwarantujemy Ci kompleksowe wsparcie rekrutacyjne, aby\u015b m\u00f3g\u0142 skupi\u0107 si\u0119 na swoim zawodowym rozwoju.<\/p>\t\t\t\t\t\t<\/div>\n\t\t\t\t<\/div>\n\t\t\t\t\t<\/div>\n\t\t<\/div>\n\t\t\t\t<div class=\"elementor-column elementor-col-50 elementor-top-column elementor-element elementor-element-6ca2fe9\" data-id=\"6ca2fe9\" data-element_type=\"column\">\n\t\t\t<div class=\"elementor-widget-wrap\">\n\t\t\t\t\t\t\t\t\t<\/div>\n\t\t<\/div>\n\t\t\t\t\t\t\t<\/div>\n\t\t<\/section>\n\t\t\t\t\t\t\t<\/div>\n\t\t","protected":false},"excerpt":{"rendered":"<p>Kontakt Kontakt Zadzwo\u0144 lub napisz Je\u015bli masz pytania, sugestie lub chcia\u0142by\u015b porozmawia\u0107 o potencjalnej wsp\u00f3\u0142pracy, jeste\u015bmy tutaj, aby Ci pom\u00f3c. Skontaktuj si\u0119 z nami za pomoc\u0105 poni\u017cszych danych kontaktowych lub wype\u0142nij formularz, a postaramy si\u0119 odpowiedzie\u0107 tak szybko, jak to mo\u017cliwe. Tw\u00f3j sukces jest dla nas wa\u017cny, dlatego z przyjemno\u015bci\u0105 udzielimy Ci wsparcia i rozwi\u0105za\u0144 &hellip;<\/p>\n<p class=\"read-more\"> <a class=\"\" href=\"https:\/\/ms-personeel.nl\/index.php\/nl\/kontakt-nl\/\"> <span class=\"screen-reader-text\">Kontakt &#8211; NL<\/span> Read More &raquo;<\/a><\/p>\n","protected":false},"author":1,"featured_media":0,"parent":0,"menu_order":0,"comment_status":"closed","ping_status":"closed","template":"","meta":{"site-sidebar-layout":"no-sidebar","site-content-layout":"page-builder","ast-global-header-display":"","ast-main-header-display":"","ast-hfb-above-header-display":"","ast-hfb-below-header-display":"","ast-hfb-mobile-header-display":"","site-post-title":"disabled","ast-breadcrumbs-content":"","ast-featured-img":"disabled","footer-sml-layout":"","theme-transparent-header-meta":"default","adv-header-id-meta":"","stick-header-meta":"","header-above-stick-meta":"","header-main-stick-meta":"","header-below-stick-meta":""},"yoast_head":"<!-- This site is optimized with the Yoast SEO plugin v20.4 - https:\/\/yoast.com\/wordpress\/plugins\/seo\/ -->\n<title>Kontakt - NL - MS-personeel.nl<\/title>\n<meta name=\"robots\" content=\"index, follow, max-snippet:-1, max-image-preview:large, max-video-preview:-1\" \/>\n<link rel=\"canonical\" href=\"https:\/\/ms-personeel.nl\/index.php\/nl\/kontakt-nl\/\" \/>\n<meta property=\"og:locale\" content=\"en_US\" \/>\n<meta property=\"og:type\" content=\"article\" \/>\n<meta property=\"og:title\" content=\"Kontakt - NL - MS-personeel.nl\" \/>\n<meta property=\"og:description\" content=\"Kontakt Kontakt Zadzwo\u0144 lub napisz Je\u015bli masz pytania, sugestie lub chcia\u0142by\u015b porozmawia\u0107 o potencjalnej wsp\u00f3\u0142pracy, jeste\u015bmy tutaj, aby Ci pom\u00f3c. Skontaktuj si\u0119 z nami za pomoc\u0105 poni\u017cszych danych kontaktowych lub wype\u0142nij formularz, a postaramy si\u0119 odpowiedzie\u0107 tak szybko, jak to mo\u017cliwe. Tw\u00f3j sukces jest dla nas wa\u017cny, dlatego z przyjemno\u015bci\u0105 udzielimy Ci wsparcia i rozwi\u0105za\u0144 &hellip; Kontakt &#8211; NL Read More &raquo;\" \/>\n<meta property=\"og:url\" content=\"https:\/\/ms-personeel.nl\/index.php\/nl\/kontakt-nl\/\" \/>\n<meta property=\"og:site_name\" content=\"MS-personeel.nl\" \/>\n<meta property=\"article:modified_time\" content=\"2023-06-16T08:03:28+00:00\" \/>\n<meta property=\"og:image\" content=\"https:\/\/ms-personeel.nl\/wp-content\/uploads\/2023\/04\/kontakt-image.jpg\" \/>\n<meta name=\"twitter:card\" content=\"summary_large_image\" \/>\n<meta name=\"twitter:label1\" content=\"Est. reading time\" \/>\n\t<meta name=\"twitter:data1\" content=\"1 minute\" \/>\n<script type=\"application\/ld+json\" class=\"yoast-schema-graph\">{\"@context\":\"https:\/\/schema.org\",\"@graph\":[{\"@type\":\"WebPage\",\"@id\":\"https:\/\/ms-personeel.nl\/index.php\/nl\/kontakt-nl\/\",\"url\":\"https:\/\/ms-personeel.nl\/index.php\/nl\/kontakt-nl\/\",\"name\":\"Kontakt - NL - MS-personeel.nl\",\"isPartOf\":{\"@id\":\"https:\/\/ms-personeel.nl\/#website\"},\"datePublished\":\"2023-06-16T08:03:04+00:00\",\"dateModified\":\"2023-06-16T08:03:28+00:00\",\"breadcrumb\":{\"@id\":\"https:\/\/ms-personeel.nl\/index.php\/nl\/kontakt-nl\/#breadcrumb\"},\"inLanguage\":\"en\",\"potentialAction\":[{\"@type\":\"ReadAction\",\"target\":[\"https:\/\/ms-personeel.nl\/index.php\/nl\/kontakt-nl\/\"]}]},{\"@type\":\"BreadcrumbList\",\"@id\":\"https:\/\/ms-personeel.nl\/index.php\/nl\/kontakt-nl\/#breadcrumb\",\"itemListElement\":[{\"@type\":\"ListItem\",\"position\":1,\"name\":\"Home\",\"item\":\"https:\/\/ms-personeel.nl\/\"},{\"@type\":\"ListItem\",\"position\":2,\"name\":\"Kontakt &#8211; NL\"}]},{\"@type\":\"WebSite\",\"@id\":\"https:\/\/ms-personeel.nl\/#website\",\"url\":\"https:\/\/ms-personeel.nl\/\",\"name\":\"MS-personeel.nl\",\"description\":\"Pomagamy w znalezieniu pracy\",\"potentialAction\":[{\"@type\":\"SearchAction\",\"target\":{\"@type\":\"EntryPoint\",\"urlTemplate\":\"https:\/\/ms-personeel.nl\/?s={search_term_string}\"},\"query-input\":\"required name=search_term_string\"}],\"inLanguage\":\"en\"}]}<\/script>\n<!-- \/ Yoast SEO plugin. -->","yoast_head_json":{"title":"Kontakt - NL - MS-personeel.nl","robots":{"index":"index","follow":"follow","max-snippet":"max-snippet:-1","max-image-preview":"max-image-preview:large","max-video-preview":"max-video-preview:-1"},"canonical":"https:\/\/ms-personeel.nl\/index.php\/nl\/kontakt-nl\/","og_locale":"en_US","og_type":"article","og_title":"Kontakt - NL - MS-personeel.nl","og_description":"Kontakt Kontakt Zadzwo\u0144 lub napisz Je\u015bli masz pytania, sugestie lub chcia\u0142by\u015b porozmawia\u0107 o potencjalnej wsp\u00f3\u0142pracy, jeste\u015bmy tutaj, aby Ci pom\u00f3c. Skontaktuj si\u0119 z nami za pomoc\u0105 poni\u017cszych danych kontaktowych lub wype\u0142nij formularz, a postaramy si\u0119 odpowiedzie\u0107 tak szybko, jak to mo\u017cliwe. Tw\u00f3j sukces jest dla nas wa\u017cny, dlatego z przyjemno\u015bci\u0105 udzielimy Ci wsparcia i rozwi\u0105za\u0144 &hellip; Kontakt &#8211; NL Read More &raquo;","og_url":"https:\/\/ms-personeel.nl\/index.php\/nl\/kontakt-nl\/","og_site_name":"MS-personeel.nl","article_modified_time":"2023-06-16T08:03:28+00:00","og_image":[{"url":"https:\/\/ms-personeel.nl\/wp-content\/uploads\/2023\/04\/kontakt-image.jpg"}],"twitter_card":"summary_large_image","twitter_misc":{"Est. reading time":"1 minute"},"schema":{"@context":"https:\/\/schema.org","@graph":[{"@type":"WebPage","@id":"https:\/\/ms-personeel.nl\/index.php\/nl\/kontakt-nl\/","url":"https:\/\/ms-personeel.nl\/index.php\/nl\/kontakt-nl\/","name":"Kontakt - NL - MS-personeel.nl","isPartOf":{"@id":"https:\/\/ms-personeel.nl\/#website"},"datePublished":"2023-06-16T08:03:04+00:00","dateModified":"2023-06-16T08:03:28+00:00","breadcrumb":{"@id":"https:\/\/ms-personeel.nl\/index.php\/nl\/kontakt-nl\/#breadcrumb"},"inLanguage":"en","potentialAction":[{"@type":"ReadAction","target":["https:\/\/ms-personeel.nl\/index.php\/nl\/kontakt-nl\/"]}]},{"@type":"BreadcrumbList","@id":"https:\/\/ms-personeel.nl\/index.php\/nl\/kontakt-nl\/#breadcrumb","itemListElement":[{"@type":"ListItem","position":1,"name":"Home","item":"https:\/\/ms-personeel.nl\/"},{"@type":"ListItem","position":2,"name":"Kontakt &#8211; NL"}]},{"@type":"WebSite","@id":"https:\/\/ms-personeel.nl\/#website","url":"https:\/\/ms-personeel.nl\/","name":"MS-personeel.nl","description":"Pomagamy w znalezieniu pracy","potentialAction":[{"@type":"SearchAction","target":{"@type":"EntryPoint","urlTemplate":"https:\/\/ms-personeel.nl\/?s={search_term_string}"},"query-input":"required name=search_term_string"}],"inLanguage":"en"}]}},"_links":{"self":[{"href":"https:\/\/ms-personeel.nl\/index.php\/wp-json\/wp\/v2\/pages\/258"}],"collection":[{"href":"https:\/\/ms-personeel.nl\/index.php\/wp-json\/wp\/v2\/pages"}],"about":[{"href":"https:\/\/ms-personeel.nl\/index.php\/wp-json\/wp\/v2\/types\/page"}],"author":[{"embeddable":true,"href":"https:\/\/ms-personeel.nl\/index.php\/wp-json\/wp\/v2\/users\/1"}],"replies":[{"embeddable":true,"href":"https:\/\/ms-personeel.nl\/index.php\/wp-json\/wp\/v2\/comments?post=258"}],"version-history":[{"count":1,"href":"https:\/\/ms-personeel.nl\/index.php\/wp-json\/wp\/v2\/pages\/258\/revisions"}],"predecessor-version":[{"id":260,"href":"https:\/\/ms-personeel.nl\/index.php\/wp-json\/wp\/v2\/pages\/258\/revisions\/260"}],"wp:attachment":[{"href":"https:\/\/ms-personeel.nl\/index.php\/wp-json\/wp\/v2\/media?parent=258"}],"curies":[{"name":"wp","href":"https:\/\/api.w.org\/{rel}","templated":true}]}}